{"id":6,"date":"2025-11-06T23:17:43","date_gmt":"2025-11-06T23:17:43","guid":{"rendered":"https:\/\/mariostamps.pl\/?page_id=6"},"modified":"2026-01-30T13:07:37","modified_gmt":"2026-01-30T12:07:37","slug":"strona-domowa","status":"publish","type":"page","link":"https:\/\/mariostamps.pl\/en_us\/","title":{"rendered":"Welcome to Mario Stamps - Philatelic Journey"},"content":{"rendered":"<p>For over 20 years, I\u2019ve been delving into the world of postage stamps\u2014through specialized catalogs, personal travels, and exchanges with collectors from various countries. Mario Stamps Philatelic Journey is the result of a passion for history, expeditions, design, and discovering rare items and thematic series.<\/p>\n\n\n\n<p>My collection focuses on specimens from Europe, Africa (Somalia, Ethiopia), West Germany\/East Germany, as well as themes of fauna, flora, and historical motifs. Each stamp is a separate story and a unique piece of history.<\/p>\n\n\n\n<p>I encourage contact, sharing experiences, and jointly exploring the philatelic world!\nkontakt@mariostamps.pl<br><br>kontakt@mariostamps.pl<\/p>\n\n\n\n<p><\/p>\n\n\n\n<p><\/p>\n\n\n\n<p><\/p>","protected":false},"excerpt":{"rendered":"<p>Od ponad 20 lat zg\u0142\u0119biam \u015bwiat znaczka pocztowego \u2013 zar\u00f3wno przez specjalistyczne katalogi, jak i osobiste podr\u00f3\u017ce oraz wymian\u0119 z kolekcjonerami z<\/p>\n<div class=\"more-link\">\n\t\t\t\t <a href=\"https:\/\/mariostamps.pl\/en_us\/\" class=\"btn theme-btn\"><span>Continue Reading <\/span><i class=\"icofont-thin-double-right\"><\/i><\/a>\n\t\t\t<\/div>","protected":false},"author":1,"featured_media":0,"parent":0,"menu_order":0,"comment_status":"closed","ping_status":"closed","template":"","meta":{"footnotes":""},"class_list":["post-6","page","type-page","status-publish","hentry"],"jetpack_sharing_enabled":true,"_links":{"self":[{"href":"https:\/\/mariostamps.pl\/en_us\/wp-json\/wp\/v2\/pages\/6","targetHints":{"allow":["GET"]}}],"collection":[{"href":"https:\/\/mariostamps.pl\/en_us\/wp-json\/wp\/v2\/pages"}],"about":[{"href":"https:\/\/mariostamps.pl\/en_us\/wp-json\/wp\/v2\/types\/page"}],"author":[{"embeddable":true,"href":"https:\/\/mariostamps.pl\/en_us\/wp-json\/wp\/v2\/users\/1"}],"replies":[{"embeddable":true,"href":"https:\/\/mariostamps.pl\/en_us\/wp-json\/wp\/v2\/comments?post=6"}],"version-history":[{"count":9,"href":"https:\/\/mariostamps.pl\/en_us\/wp-json\/wp\/v2\/pages\/6\/revisions"}],"predecessor-version":[{"id":569,"href":"https:\/\/mariostamps.pl\/en_us\/wp-json\/wp\/v2\/pages\/6\/revisions\/569"}],"wp:attachment":[{"href":"https:\/\/mariostamps.pl\/en_us\/wp-json\/wp\/v2\/media?parent=6"}],"curies":[{"name":"wp","href":"https:\/\/api.w.org\/{rel}","templated":true}]}}