{"id":143,"date":"2025-11-07T17:31:20","date_gmt":"2025-11-07T17:31:20","guid":{"rendered":"https:\/\/mariostamps.pl\/?page_id=143"},"modified":"2026-02-19T15:09:12","modified_gmt":"2026-02-19T14:09:12","slug":"kontakt","status":"publish","type":"page","link":"https:\/\/mariostamps.pl\/en_us\/kontakt\/","title":{"rendered":"Contact"},"content":{"rendered":"<p>Have questions? Want to get in touch?<\/p>\n\n\n\n<p>We\u2019re at your disposal! If you have questions about stamps, their condition, shipping, or just want to chat about philately\u2014write to us.<\/p>\n\n\n\n<p>E-mail: kontakt@mariostamps.pl<\/p>\n\n\n\n<p>Telefon: +48 579 335 086 (dni robocze 10:00-18:00)<\/p>\n\n\n\n<p>Response time: We aim to reply within 24 hours.<\/p>\n\n\n\n<p>We\u2019re waiting for your contact!\u200b<\/p>\n\n\n\n<hr class=\"wp-block-separator has-alpha-channel-opacity\"\/>","protected":false},"excerpt":{"rendered":"<p>Masz pytania? Chcesz si\u0119 skontaktowa\u0107? Jeste\u015bmy do Twojej dyspozycji! Je\u015bli masz pytania dotycz\u0105ce znaczk\u00f3w, stanu zachowania, wysy\u0142ki lub chcesz porozmawia\u0107 o filatelistyce<\/p>\n<div class=\"more-link\">\n\t\t\t\t <a href=\"https:\/\/mariostamps.pl\/en_us\/kontakt\/\" class=\"btn theme-btn\"><span>Continue Reading <\/span><i class=\"icofont-thin-double-right\"><\/i><\/a>\n\t\t\t<\/div>","protected":false},"author":1,"featured_media":0,"parent":0,"menu_order":0,"comment_status":"closed","ping_status":"closed","template":"","meta":{"footnotes":""},"class_list":["post-143","page","type-page","status-publish","hentry"],"jetpack_sharing_enabled":true,"_links":{"self":[{"href":"https:\/\/mariostamps.pl\/en_us\/wp-json\/wp\/v2\/pages\/143","targetHints":{"allow":["GET"]}}],"collection":[{"href":"https:\/\/mariostamps.pl\/en_us\/wp-json\/wp\/v2\/pages"}],"about":[{"href":"https:\/\/mariostamps.pl\/en_us\/wp-json\/wp\/v2\/types\/page"}],"author":[{"embeddable":true,"href":"https:\/\/mariostamps.pl\/en_us\/wp-json\/wp\/v2\/users\/1"}],"replies":[{"embeddable":true,"href":"https:\/\/mariostamps.pl\/en_us\/wp-json\/wp\/v2\/comments?post=143"}],"version-history":[{"count":5,"href":"https:\/\/mariostamps.pl\/en_us\/wp-json\/wp\/v2\/pages\/143\/revisions"}],"predecessor-version":[{"id":656,"href":"https:\/\/mariostamps.pl\/en_us\/wp-json\/wp\/v2\/pages\/143\/revisions\/656"}],"wp:attachment":[{"href":"https:\/\/mariostamps.pl\/en_us\/wp-json\/wp\/v2\/media?parent=143"}],"curies":[{"name":"wp","href":"https:\/\/api.w.org\/{rel}","templated":true}]}}