{"id":141,"date":"2025-11-07T17:30:20","date_gmt":"2025-11-07T17:30:20","guid":{"rendered":"https:\/\/mariostamps.pl\/?page_id=141"},"modified":"2026-01-30T12:45:35","modified_gmt":"2026-01-30T11:45:35","slug":"dlaczego-my","status":"publish","type":"page","link":"https:\/\/mariostamps.pl\/en_us\/dlaczego-my\/","title":{"rendered":"Dlaczego My"},"content":{"rendered":"<p><\/p>\n\n\n\n<p>Why Choose Mario Stamps?<\/p>\n\n\n\n<p>Carefully Curated Selection \u2013 Every stamp undergoes a thorough assessment and verification process.<\/p>\n\n\n\n<p>Over 20 Years of Experience \u2013 Philately has been my passion for two decade.<\/p>\n\n\n\n<p>Integrity and Transparency \u2013 All stamps are accurately described with full.<\/p>\n\n\n\n<p>Fast and Secure Shipping \u2013 Every order is packed with the utmost care to ensure its safety.<\/p>\n\n\n\n<p>Personalized Approach \u2013 I am always happy to provide expert advice and help you choose the right pieces for your collection.<\/p>\n\n\n\n<p>Extra Bonuses \u2013 I often include small surprises with your shipment as a token of appreciation.<\/p>","protected":false},"excerpt":{"rendered":"<p>Dlaczego warto wybra\u0107 Mario Stamps? Starannie wyselekcjonowana oferta &#8211; Ka\u017cdy znaczek przechodzi dok\u0142adn\u0105 ocen\u0119 i weryfikacj\u0119. Ponad 20 lat do\u015bwiadczenia &#8211; Filatelistyka<\/p>\n<div class=\"more-link\">\n\t\t\t\t <a href=\"https:\/\/mariostamps.pl\/en_us\/dlaczego-my\/\" class=\"btn theme-btn\"><span>Continue Reading <\/span><i class=\"icofont-thin-double-right\"><\/i><\/a>\n\t\t\t<\/div>","protected":false},"author":1,"featured_media":0,"parent":0,"menu_order":0,"comment_status":"closed","ping_status":"closed","template":"","meta":{"footnotes":""},"class_list":["post-141","page","type-page","status-publish","hentry"],"jetpack_sharing_enabled":true,"_links":{"self":[{"href":"https:\/\/mariostamps.pl\/en_us\/wp-json\/wp\/v2\/pages\/141","targetHints":{"allow":["GET"]}}],"collection":[{"href":"https:\/\/mariostamps.pl\/en_us\/wp-json\/wp\/v2\/pages"}],"about":[{"href":"https:\/\/mariostamps.pl\/en_us\/wp-json\/wp\/v2\/types\/page"}],"author":[{"embeddable":true,"href":"https:\/\/mariostamps.pl\/en_us\/wp-json\/wp\/v2\/users\/1"}],"replies":[{"embeddable":true,"href":"https:\/\/mariostamps.pl\/en_us\/wp-json\/wp\/v2\/comments?post=141"}],"version-history":[{"count":3,"href":"https:\/\/mariostamps.pl\/en_us\/wp-json\/wp\/v2\/pages\/141\/revisions"}],"predecessor-version":[{"id":566,"href":"https:\/\/mariostamps.pl\/en_us\/wp-json\/wp\/v2\/pages\/141\/revisions\/566"}],"wp:attachment":[{"href":"https:\/\/mariostamps.pl\/en_us\/wp-json\/wp\/v2\/media?parent=141"}],"curies":[{"name":"wp","href":"https:\/\/api.w.org\/{rel}","templated":true}]}}