{"id":131,"date":"2025-11-07T17:05:25","date_gmt":"2025-11-07T17:05:25","guid":{"rendered":"https:\/\/mariostamps.pl\/?page_id=131"},"modified":"2025-11-07T17:05:25","modified_gmt":"2025-11-07T17:05:25","slug":"opinie","status":"publish","type":"page","link":"https:\/\/mariostamps.pl\/en_us\/opinie\/","title":{"rendered":"Feedback"},"content":{"rendered":"<p>Co m\u00f3wi\u0105 o nas klienci?<\/p>\n\n\n\n<p>Jeste\u015bmy wdzi\u0119czni za ka\u017cd\u0105 opini\u0119 i zaufanie, jakim nas obdarzacie. To w\u0142a\u015bnie Wasze s\u0142owa motywuj\u0105 nas do dalszego dzia\u0142ania i rozwijania pasji filatelistycznej. Poni\u017cej przedstawiamy kilka opinii naszych klient\u00f3w:<\/p>\n\n\n\n<p>\u2b50\u2b50\u2b50\u2b50\u2b50<br>&#8222;Znaczki dotarly w idealnym stanie, dok\u0142adnie tak jak w opisie. Szybka wysy\u0142ka i profesjonalna obs\u0142uga. Polecam!&#8221;<br>\u2014 Anna K.<\/p>\n\n\n\n<p>\u2b50\u2b50\u2b50\u2b50\u2b50<br>&#8222;Mariusz zna si\u0119 na rzeczy, ka\u017cdy znaczek starannie opisany i oceniony. Kupi\u0142em kilka serii z NRD \u2013 wszystko zgodne z opisem. Na pewno wr\u00f3c\u0119 po wi\u0119cej!&#8221;<br>\u2014 Piotr M.<\/p>\n\n\n\n<p>\u2b50\u2b50\u2b50\u2b50\u2b50<br>&#8222;Wspania\u0142y kontakt, ch\u0119tnie odpowiada na pytania i doradza. Dosta\u0142em bonus w postaci dodatkowego znaczka. Super do\u015bwiadczenie!&#8221;<br>\u2014 Tomasz R.<\/p>\n\n\n\n<p>\u2b50\u2b50\u2b50\u2b50\u2b50<br>&#8222;Polecam ka\u017cdemu, kto poszukuje unikalnych znaczk\u00f3w. Przejrzysta oferta i uczciwe ceny. Dzi\u0119kuj\u0119!&#8221;<br>\u2014 Maria W.<\/p>\n\n\n\n<p>Je\u015bli jeste\u015b naszym klientem i chcesz podzieli\u0107 si\u0119 opini\u0105, napisz do nas! Ch\u0119tnie opublikujemy Twoj\u0105 opini\u0119.<\/p>","protected":false},"excerpt":{"rendered":"<p>Co m\u00f3wi\u0105 o nas klienci? Jeste\u015bmy wdzi\u0119czni za ka\u017cd\u0105 opini\u0119 i zaufanie, jakim nas obdarzacie. To w\u0142a\u015bnie Wasze s\u0142owa motywuj\u0105 nas do<\/p>\n<div class=\"more-link\">\n\t\t\t\t <a href=\"https:\/\/mariostamps.pl\/en_us\/opinie\/\" class=\"btn theme-btn\"><span>Continue Reading <\/span><i class=\"icofont-thin-double-right\"><\/i><\/a>\n\t\t\t<\/div>","protected":false},"author":1,"featured_media":0,"parent":0,"menu_order":0,"comment_status":"closed","ping_status":"closed","template":"","meta":{"footnotes":""},"class_list":["post-131","page","type-page","status-publish","hentry"],"jetpack_sharing_enabled":true,"_links":{"self":[{"href":"https:\/\/mariostamps.pl\/en_us\/wp-json\/wp\/v2\/pages\/131","targetHints":{"allow":["GET"]}}],"collection":[{"href":"https:\/\/mariostamps.pl\/en_us\/wp-json\/wp\/v2\/pages"}],"about":[{"href":"https:\/\/mariostamps.pl\/en_us\/wp-json\/wp\/v2\/types\/page"}],"author":[{"embeddable":true,"href":"https:\/\/mariostamps.pl\/en_us\/wp-json\/wp\/v2\/users\/1"}],"replies":[{"embeddable":true,"href":"https:\/\/mariostamps.pl\/en_us\/wp-json\/wp\/v2\/comments?post=131"}],"version-history":[{"count":1,"href":"https:\/\/mariostamps.pl\/en_us\/wp-json\/wp\/v2\/pages\/131\/revisions"}],"predecessor-version":[{"id":132,"href":"https:\/\/mariostamps.pl\/en_us\/wp-json\/wp\/v2\/pages\/131\/revisions\/132"}],"wp:attachment":[{"href":"https:\/\/mariostamps.pl\/en_us\/wp-json\/wp\/v2\/media?parent=131"}],"curies":[{"name":"wp","href":"https:\/\/api.w.org\/{rel}","templated":true}]}}