{"id":129,"date":"2025-11-07T17:04:11","date_gmt":"2025-11-07T17:04:11","guid":{"rendered":"https:\/\/mariostamps.pl\/?page_id=129"},"modified":"2026-01-30T12:44:17","modified_gmt":"2026-01-30T11:44:17","slug":"o-nas","status":"publish","type":"page","link":"https:\/\/mariostamps.pl\/en_us\/o-nas\/","title":{"rendered":"About Us"},"content":{"rendered":"<p>Mario Stamps Philatelic Journey is a project created out of passion for stamps, their history and beauty. In founding this site, I wanted to create a place where collectors - both beginners and advanced - can find carefully selected stamps from different parts of the world.<\/p>\n\n\n\n<p>My name is Mariusz and I have been involved in philately for more than 20 years. My adventure began with the purchase of the first subscription set in the 80's in a philatelic store in Plock (it still exists today)- since then this passion accompanies me every day. Over the years I visited many fairs, exchanges and auctions, exchanged with collectors from all over the world and built my unique collection.<\/p>\n\n\n\n<p>In my offer you will mainly find stamps from:<\/p>\n\n\n\n<ul class=\"wp-block-list\">\n<li>Europe (FRG\/NRD, Poland, Scandinavian countries)<\/li>\n\n\n\n<li>Africa (Somalia, Ethiopia, Malia)<\/li>\n\n\n\n<li>Thematic series (fauna, flora, history, sports)<\/li>\n\n\n\n<li>Unique and rare qualities<\/li>\n<\/ul>\n\n\n\n<p>Every stamp I offer is carefully described, photographed and evaluated for its state of preservation. I know how important trust is in this world - that's why I always try to be honest and transparent.<\/p>\n\n\n\n<p>If you have questions, want to exchange experiences or just talk about philately - write! I will be happy to help and share knowledge.<a href=\"https:\/\/www.reddit.com\/r\/uber\/comments\/18px8yo\/cost_for_uber_driver_to_wait_and_at_what_point\/\" target=\"_blank\" rel=\"noreferrer noopener\"><\/a><\/p>","protected":false},"excerpt":{"rendered":"<p>Mario Stamps Filatelistyczna Podr\u00f3\u017c to projekt tworzony z pasji do znaczk\u00f3w pocztowych, ich historii oraz pi\u0119kna. Zak\u0142adaj\u0105c t\u0119 stron\u0119, chcia\u0142em stworzy\u0107 miejsce,<\/p>\n<div class=\"more-link\">\n\t\t\t\t <a href=\"https:\/\/mariostamps.pl\/en_us\/o-nas\/\" class=\"btn theme-btn\"><span>Continue Reading <\/span><i class=\"icofont-thin-double-right\"><\/i><\/a>\n\t\t\t<\/div>","protected":false},"author":1,"featured_media":0,"parent":0,"menu_order":0,"comment_status":"closed","ping_status":"closed","template":"","meta":{"footnotes":""},"class_list":["post-129","page","type-page","status-publish","hentry"],"jetpack_sharing_enabled":true,"_links":{"self":[{"href":"https:\/\/mariostamps.pl\/en_us\/wp-json\/wp\/v2\/pages\/129","targetHints":{"allow":["GET"]}}],"collection":[{"href":"https:\/\/mariostamps.pl\/en_us\/wp-json\/wp\/v2\/pages"}],"about":[{"href":"https:\/\/mariostamps.pl\/en_us\/wp-json\/wp\/v2\/types\/page"}],"author":[{"embeddable":true,"href":"https:\/\/mariostamps.pl\/en_us\/wp-json\/wp\/v2\/users\/1"}],"replies":[{"embeddable":true,"href":"https:\/\/mariostamps.pl\/en_us\/wp-json\/wp\/v2\/comments?post=129"}],"version-history":[{"count":5,"href":"https:\/\/mariostamps.pl\/en_us\/wp-json\/wp\/v2\/pages\/129\/revisions"}],"predecessor-version":[{"id":565,"href":"https:\/\/mariostamps.pl\/en_us\/wp-json\/wp\/v2\/pages\/129\/revisions\/565"}],"wp:attachment":[{"href":"https:\/\/mariostamps.pl\/en_us\/wp-json\/wp\/v2\/media?parent=129"}],"curies":[{"name":"wp","href":"https:\/\/api.w.org\/{rel}","templated":true}]}}